{"id":27699,"date":"2021-02-17T15:21:23","date_gmt":"2021-02-17T14:21:23","guid":{"rendered":"https:\/\/www.sitem.fr\/?page_id=27699"},"modified":"2026-05-13T11:43:47","modified_gmt":"2026-05-13T09:43:47","slug":"practical-info","status":"publish","type":"page","link":"https:\/\/www.sitem.fr\/en\/practical-info\/","title":{"rendered":"Practical Info"},"content":{"rendered":"<div class=\"wpb-content-wrapper\"><p>[vc_row full_width=&#8221;stretch_row&#8221; el_class=&#8221;bg-beige pb100&#8243; css=&#8221;.vc_custom_1751982640871{padding-top: 60px !important;}&#8221;][vc_column width=&#8221;1\/3&#8243;][vc_column_text css=&#8221;.vc_custom_1752656473041{margin-bottom: 5px !important;}&#8221; el_class=&#8221;txt-medium&#8221;]<span class=\"txt-l\" style=\"color: #4dc5cd;\"><strong>Dates<\/strong><\/span>[\/vc_column_text][vc_column_text css=&#8221;.vc_custom_1778161973395{margin-bottom: 15px !important;}&#8221;]Wednesday 31 March 2027 from 9.00 am to 9.00 pm<\/p>\n<p>Thursday 1st April 2027 from 9.00 am to 6.00 pm[\/vc_column_text][vc_column_text css=&#8221;.vc_custom_1753189602389{margin-bottom: 5px !important;}&#8221; el_class=&#8221;txt-medium&#8221;]<span class=\"txt-l\" style=\"color: #4dc5cd;\"><strong>Location<\/strong><\/span>[\/vc_column_text][vc_column_text]Carrousel du Louvre, 75001 Paris[\/vc_column_text][vc_column_text css=&#8221;.vc_custom_1753189610936{margin-bottom: 5px !important;}&#8221; el_class=&#8221;txt-medium&#8221;]<span class=\"txt-l\" style=\"color: #4dc5cd;\"><strong>Prices<\/strong><\/span>[\/vc_column_text][vc_column_text css=&#8221;&#8221;]Full price: \u20ac55 inc.<\/p>\n<p>Reduced price (students, jobseekers): \u20ac11 incl. VAT[\/vc_column_text][vc_column_text css=&#8221;.vc_custom_1753189647713{margin-bottom: 5px !important;}&#8221; el_class=&#8221;txt-medium&#8221;]<span class=\"txt-l\" style=\"color: #4dc5cd;\"><strong>Car parks and access<\/strong><\/span>[\/vc_column_text][vc_column_text css=&#8221;&#8221;]<strong><span style=\"color: #040e65;\">Parking Indigo<\/span><br \/>\n<\/strong>Carrousel du Louvre<br \/>\nAvenue du G\u00e9n\u00e9ral Lemonier<br \/>\n75001 PARIS<\/p>\n<p>(600 spaces)<\/p>\n<p>&nbsp;<\/p>\n<p><span style=\"color: #040e65;\"><strong>M\u00e9tro:<\/strong><\/span> Line 1 &#8211; La D\u00e9fense &#8211; Ch\u00e2teau de Vincennes. Line 7 &#8211; La Courneuve &#8211; Mairie d&#8217;Ivry \/ Villejuif. Palais Royal &#8211; Mus\u00e9e du Louvre stop, Carrousel du Louvre exit.<\/p>\n<p>&nbsp;<\/p>\n<p><span style=\"color: #040e65;\"><strong>RER :<\/strong><\/span> Line C &#8211; Mus\u00e9e d&#8217;Orsay stop<\/p>\n<p>&nbsp;<\/p>\n<p><span style=\"color: #040e65;\"><strong>Bus<\/strong>:<\/span> Lines 21, 27, 39, 48, 67, 68, 69, 72, 81, 95. Stops: Palais Royal &#8211; Mus\u00e9e du Louvre or Palais Royal &#8211; Com\u00e9die Fran\u00e7aise or Mus\u00e9e du Louvre.[\/vc_column_text][vc_btn title=&#8221;Program &#8221; style=&#8221;flat&#8221; shape=&#8221;square&#8221; color=&#8221;info&#8221; size=&#8221;lg&#8221; css=&#8221;&#8221; link=&#8221;url:%2Fen%2Fconferences%2F&#8221;][\/vc_column][vc_column width=&#8221;2\/3&#8243;][vc_single_image image=&#8221;52306&#8243; img_size=&#8221;full&#8221; css=&#8221;&#8221; el_class=&#8221;no-radius&#8221;][vc_row_inner css=&#8221;.vc_custom_1652101315301{padding-top: 30px !important;}&#8221;][vc_column_inner][vc_column_text css=&#8221;.vc_custom_1753189880845{margin-bottom: 5px !important;}&#8221; el_class=&#8221;txt-medium&#8221;]<span class=\"txt-l\" style=\"color: #4dc5cd;\"><strong>Hosting<\/strong><\/span>[\/vc_column_text][vc_column_text css=&#8221;&#8221;]Revolugo is SITEM&#8217;s official partner agency. Your hotel reservation, data and personal information are protected and secure. To benefit from exclusive rates, we recommend that you book your stay as early as possible.[\/vc_column_text][vc_raw_html css=&#8221;&#8221;]JTNDc2NyaXB0JTIwaWQlM0QlMjJyZXZvbHVnby13aWRnZXQlMjIlMjBzcmMlM0QlMjJodHRwcyUzQSUyRiUyRndpZGdldC5yZXZvbHVnby5jb20lMkZlbWJlZCUyMiUyMGRhdGEtd2lkJTNEJTIyc2l0ZW0tMjAyNiUyMiUzRSUzQyUyRnNjcmlwdCUzRQ==[\/vc_raw_html][vc_column_text css=&#8221;&#8221;]If you would like to make a reservation, please call +33 1 80 06 62 88 or send an e-mail to reservations@revolugo.com.[\/vc_column_text][\/vc_column_inner][\/vc_row_inner][\/vc_column][\/vc_row][vc_row full_width=&#8221;stretch_row&#8221; el_class=&#8221;pt100 pb100&#8243;][vc_column width=&#8221;2\/12&#8243; offset=&#8221;vc_col-lg-offset-0 vc_col-md-offset-0 vc_col-sm-offset-0&#8243;][vc_single_image image=&#8221;52294&#8243; img_size=&#8221;large&#8221; alignment=&#8221;center&#8221; css=&#8221;&#8221;][\/vc_column][vc_column width=&#8221;1\/2&#8243; el_class=&#8221;pl30&#8243;][vc_column_text css=&#8221;&#8221; el_class=&#8221;mb30 txt-xl&#8221;]<\/p>\n<h2><span style=\"color: #040e65;\">Visitor registration<\/span><\/h2>\n<p>[\/vc_column_text][vc_column_text css=&#8221;&#8221;]Full price: \u20ac55 inc VAT<br \/>\nReduced price (students, jobseekers): \u20ac11 inc VAT[\/vc_column_text][vc_btn title=&#8221;Registration \u2014 Opening January 2027&#8243; style=&#8221;flat&#8221; shape=&#8221;square&#8221; color=&#8221;primary&#8221; size=&#8221;lg&#8221; css=&#8221;&#8221; link=&#8221;url:https%3A%2F%2Fwww.sitem-2026.com%2Fen%2Fregistration%2F688ccb3e0e381d8ab9267d40%3Fforce_new_registration%3Dtrue|title:Inscrivez-vous%20au%20SITEM%202026|target:_blank&#8221; el_class=&#8221;button-jaune&#8221;][\/vc_column][\/vc_row][vc_row full_width=&#8221;stretch_row&#8221; el_class=&#8221;pt100 pb100 bg-beige&#8221;][vc_column width=&#8221;8\/12&#8243;][vc_column_text css=&#8221;&#8221; el_class=&#8221;txt-xl&#8221;]<\/p>\n<h2><span style=\"color: #040e65;\"><strong>See the list of exhibitors<\/strong><\/span><\/h2>\n<p>[\/vc_column_text][vc_column_text css=&#8221;&#8221;]Leaders in the field of heritage enhancement, equipment and development, collection management and public management will be present with a strong mobilization of the digital sector.[\/vc_column_text][vc_btn title=&#8221;Find out more&#8221; style=&#8221;flat&#8221; shape=&#8221;square&#8221; color=&#8221;turquoise&#8221; size=&#8221;lg&#8221; css=&#8221;&#8221; link=&#8221;url:%2Fen%2Fexposants%2F&#8221; el_class=&#8221;button-cyan button-transp&#8221;][\/vc_column][vc_column width=&#8221;1\/12&#8243; el_class=&#8221;mt50-mobil&#8221;][vc_single_image image=&#8221;48659&#8243; img_size=&#8221;full&#8221; alignment=&#8221;center&#8221; onclick=&#8221;custom_link&#8221; css=&#8221;&#8221; link=&#8221;\/contact\/&#8221; el_class=&#8221;btn-question&#8221;][\/vc_column][\/vc_row]<\/p>\n<\/div>","protected":false},"excerpt":{"rendered":"[vc_row full_width=&#8221;stretch_row&#8221; el_class=&#8221;bg-beige pb100&#8243; css=&#8221;.vc_custom_1751982640871{padding-top: 60px !important;}&#8221;][vc_column width=&#8221;1\/3&#8243;][vc_column_text css=&#8221;.vc_custom_1752656473041{margin-bottom: 5px !important;}&#8221; el_class=&#8221;txt-medium&#8221;]Dates[\/vc_column_text][vc_column_text css=&#8221;.vc_custom_1778161973395{margin-bottom: 15px !important;}&#8221;]Wednesday 31 March 2027 from 9.00 am to 9.00 pm Thursday 1st April 2027 from 9.00 am to 6.00 pm[\/vc_column_text][vc_column_text css=&#8221;.vc_custom_1753189602389{margin-bottom: 5px !important;}&#8221; el_class=&#8221;txt-medium&#8221;]Location[\/vc_column_text][vc_column_text]Carrousel du Louvre, 75001 Paris[\/vc_column_text][vc_column_text css=&#8221;.vc_custom_1753189610936{margin-bottom: 5px !important;}&#8221; el_class=&#8221;txt-medium&#8221;]Prices[\/vc_column_text][vc_column_text css=&#8221;&#8221;]Full price: \u20ac55 inc. Reduced price (students, jobseekers): \u20ac11&#8230; <br><a class=\"readm\" href=\"https:\/\/www.sitem.fr\/en\/practical-info\/\">Read more<\/a>","protected":false},"author":2,"featured_media":0,"parent":0,"menu_order":0,"comment_status":"closed","ping_status":"closed","template":"","meta":{"_acf_changed":false,"footnotes":""},"class_list":["post-27699","page","type-page","status-publish","hentry"],"acf":[],"_links":{"self":[{"href":"https:\/\/www.sitem.fr\/en\/wp-json\/wp\/v2\/pages\/27699","targetHints":{"allow":["GET"]}}],"collection":[{"href":"https:\/\/www.sitem.fr\/en\/wp-json\/wp\/v2\/pages"}],"about":[{"href":"https:\/\/www.sitem.fr\/en\/wp-json\/wp\/v2\/types\/page"}],"author":[{"embeddable":true,"href":"https:\/\/www.sitem.fr\/en\/wp-json\/wp\/v2\/users\/2"}],"replies":[{"embeddable":true,"href":"https:\/\/www.sitem.fr\/en\/wp-json\/wp\/v2\/comments?post=27699"}],"version-history":[{"count":31,"href":"https:\/\/www.sitem.fr\/en\/wp-json\/wp\/v2\/pages\/27699\/revisions"}],"predecessor-version":[{"id":55978,"href":"https:\/\/www.sitem.fr\/en\/wp-json\/wp\/v2\/pages\/27699\/revisions\/55978"}],"wp:attachment":[{"href":"https:\/\/www.sitem.fr\/en\/wp-json\/wp\/v2\/media?parent=27699"}],"curies":[{"name":"wp","href":"https:\/\/api.w.org\/{rel}","templated":true}]}}